{"id":5721,"date":"2018-08-06T08:37:59","date_gmt":"2018-08-06T06:37:59","guid":{"rendered":"http:\/\/attilavarga.hu\/kapcsolat\/"},"modified":"2024-10-16T08:24:05","modified_gmt":"2024-10-16T06:24:05","slug":"contact","status":"publish","type":"page","link":"https:\/\/attilavarga.hu\/en\/contact\/","title":{"rendered":"Contact"},"content":{"rendered":"<p>[et_pb_section fb_built=&#8221;1&#8243; _builder_version=&#8221;4.27.0&#8243; background_color=&#8221;#f8f8f8&#8243; width_tablet=&#8221;&#8221; width_phone=&#8221;&#8221; width_last_edited=&#8221;on|tablet&#8221; global_colors_info=&#8221;{}&#8221; locked=&#8221;off&#8221; theme_builder_area=&#8221;post_content&#8221;][et_pb_row disabled_on=&#8221;off|off|off&#8221; _builder_version=&#8221;4.27.0&#8243; width=&#8221;32%&#8221; width_tablet=&#8221;100%&#8221; width_phone=&#8221;100%&#8221; width_last_edited=&#8221;on|phone&#8221; custom_margin_tablet=&#8221;&#8221; custom_margin_phone=&#8221;&#8221; custom_margin_last_edited=&#8221;on|desktop&#8221; custom_padding=&#8221;|40px||40px|true|true&#8221; use_custom_width=&#8221;on&#8221; width_unit=&#8221;off&#8221; custom_width_percent=&#8221;32%&#8221; global_colors_info=&#8221;{}&#8221; theme_builder_area=&#8221;post_content&#8221;][et_pb_column type=&#8221;4_4&#8243; _builder_version=&#8221;4.16&#8243; custom_padding=&#8221;|||&#8221; global_colors_info=&#8221;{}&#8221; custom_padding__hover=&#8221;|||&#8221; theme_builder_area=&#8221;post_content&#8221;][et_pb_text _builder_version=&#8221;4.27.0&#8243; header_font=&#8221;|600|||||||&#8221; header_font_size=&#8221;56px&#8221; hover_enabled=&#8221;0&#8243; header_font_size_tablet=&#8221;48px&#8221; header_font_size_phone=&#8221;44px&#8221; header_font_size_last_edited=&#8221;on|phone&#8221; global_colors_info=&#8221;{}&#8221; theme_builder_area=&#8221;post_content&#8221; sticky_enabled=&#8221;0&#8243;]<\/p>\n<h1>Contact<\/h1>\n<p>[\/et_pb_text][et_pb_divider divider_weight=&#8221;2px&#8221; _builder_version=&#8221;4.16&#8243; global_colors_info=&#8221;{}&#8221; theme_builder_area=&#8221;post_content&#8221;][\/et_pb_divider][et_pb_text _builder_version=&#8221;4.27.0&#8243; text_font=&#8221;||||||||&#8221; text_line_height=&#8221;1.8em&#8221; hover_enabled=&#8221;0&#8243; global_colors_info=&#8221;{}&#8221; theme_builder_area=&#8221;post_content&#8221; sticky_enabled=&#8221;0&#8243;]<\/p>\n<p><strong style=\"font-size: 16px;\">ATTILA VARGA<\/strong><\/p>\n<div class=\"pixcode pixcode--grid grid \">\n<div class=\"grid__item six-twelfths palm-one-whole \">\n<p><strong>Email:<\/strong>\u00a0<a href=\"mailto:info@attilavarga.hu\">info@attilavarga.hu<\/a><br \/><strong>Mobile:<\/strong>\u00a0<a href=\"tel:+36703307195\">+36\u00a070\u00a0330\u00a07195<\/a><\/p>\n<\/div>\n<\/div>\n<p>[\/et_pb_text][\/et_pb_column][\/et_pb_row][\/et_pb_section]<\/p>\n","protected":false},"excerpt":{"rendered":"<p>ContactATTILA VARGA Email:\u00a0info@attilavarga.huMobile:\u00a0+36\u00a070\u00a0330\u00a07195<\/p>\n","protected":false},"author":1,"featured_media":0,"parent":0,"menu_order":0,"comment_status":"closed","ping_status":"closed","template":"","meta":{"_et_pb_use_builder":"on","_et_pb_old_content":"","_et_gb_content_width":"","footnotes":""},"class_list":["post-5721","page","type-page","status-publish","hentry"],"yoast_head":"<!-- This site is optimized with the Yoast SEO plugin v27.2 - https:\/\/yoast.com\/product\/yoast-seo-wordpress\/ -->\n<title>Contact - Attila Varga<\/title>\n<meta name=\"robots\" content=\"index, follow, max-snippet:-1, max-image-preview:large, max-video-preview:-1\" \/>\n<link rel=\"canonical\" href=\"https:\/\/attilavarga.hu\/kapcsolat\/\" \/>\n<meta property=\"og:locale\" content=\"en_US\" \/>\n<meta property=\"og:type\" content=\"article\" \/>\n<meta property=\"og:title\" content=\"Contact - Attila Varga\" \/>\n<meta property=\"og:description\" content=\"ContactATTILA VARGA Email:\u00a0info@attilavarga.huMobile:\u00a0+36\u00a070\u00a0330\u00a07195\" \/>\n<meta property=\"og:url\" content=\"https:\/\/attilavarga.hu\/kapcsolat\/\" \/>\n<meta property=\"og:site_name\" content=\"Attila Varga\" \/>\n<meta property=\"article:publisher\" content=\"https:\/\/www.facebook.com\/iSightStudio\/\" \/>\n<meta property=\"article:modified_time\" content=\"2024-10-16T06:24:05+00:00\" \/>\n<meta property=\"og:image\" content=\"https:\/\/attilavarga.hu\/wp-content\/uploads\/2018\/09\/facebook-kiemeltkep.png\" \/>\n\t<meta property=\"og:image:width\" content=\"1200\" \/>\n\t<meta property=\"og:image:height\" content=\"630\" \/>\n\t<meta property=\"og:image:type\" content=\"image\/png\" \/>\n<meta name=\"twitter:card\" content=\"summary_large_image\" \/>\n<meta name=\"twitter:label1\" content=\"Est. reading time\" \/>\n\t<meta name=\"twitter:data1\" content=\"1 minute\" \/>\n<script type=\"application\/ld+json\" class=\"yoast-schema-graph\">{\"@context\":\"https:\/\/schema.org\",\"@graph\":[{\"@type\":\"WebPage\",\"@id\":\"https:\/\/attilavarga.hu\/kapcsolat\/\",\"url\":\"https:\/\/attilavarga.hu\/kapcsolat\/\",\"name\":\"Contact - Attila Varga\",\"isPartOf\":{\"@id\":\"https:\/\/attilavarga.hu\/#website\"},\"datePublished\":\"2018-08-06T06:37:59+00:00\",\"dateModified\":\"2024-10-16T06:24:05+00:00\",\"breadcrumb\":{\"@id\":\"https:\/\/attilavarga.hu\/kapcsolat\/#breadcrumb\"},\"inLanguage\":\"en-US\",\"potentialAction\":[{\"@type\":\"ReadAction\",\"target\":[\"https:\/\/attilavarga.hu\/kapcsolat\/\"]}]},{\"@type\":\"BreadcrumbList\",\"@id\":\"https:\/\/attilavarga.hu\/kapcsolat\/#breadcrumb\",\"itemListElement\":[{\"@type\":\"ListItem\",\"position\":1,\"name\":\"Home\",\"item\":\"https:\/\/attilavarga.hu\/en\/\"},{\"@type\":\"ListItem\",\"position\":2,\"name\":\"Contact\"}]},{\"@type\":\"WebSite\",\"@id\":\"https:\/\/attilavarga.hu\/#website\",\"url\":\"https:\/\/attilavarga.hu\/\",\"name\":\"Attila Varga\",\"description\":\"Architectural photography \/ \u00c9p\u00edt\u00e9szeti fotogr\u00e1fia\",\"potentialAction\":[{\"@type\":\"SearchAction\",\"target\":{\"@type\":\"EntryPoint\",\"urlTemplate\":\"https:\/\/attilavarga.hu\/?s={search_term_string}\"},\"query-input\":{\"@type\":\"PropertyValueSpecification\",\"valueRequired\":true,\"valueName\":\"search_term_string\"}}],\"inLanguage\":\"en-US\"}]}<\/script>\n<!-- \/ Yoast SEO plugin. -->","yoast_head_json":{"title":"Contact - Attila Varga","robots":{"index":"index","follow":"follow","max-snippet":"max-snippet:-1","max-image-preview":"max-image-preview:large","max-video-preview":"max-video-preview:-1"},"canonical":"https:\/\/attilavarga.hu\/kapcsolat\/","og_locale":"en_US","og_type":"article","og_title":"Contact - Attila Varga","og_description":"ContactATTILA VARGA Email:\u00a0info@attilavarga.huMobile:\u00a0+36\u00a070\u00a0330\u00a07195","og_url":"https:\/\/attilavarga.hu\/kapcsolat\/","og_site_name":"Attila Varga","article_publisher":"https:\/\/www.facebook.com\/iSightStudio\/","article_modified_time":"2024-10-16T06:24:05+00:00","og_image":[{"width":1200,"height":630,"url":"https:\/\/attilavarga.hu\/wp-content\/uploads\/2018\/09\/facebook-kiemeltkep.png","type":"image\/png"}],"twitter_card":"summary_large_image","twitter_misc":{"Est. reading time":"1 minute"},"schema":{"@context":"https:\/\/schema.org","@graph":[{"@type":"WebPage","@id":"https:\/\/attilavarga.hu\/kapcsolat\/","url":"https:\/\/attilavarga.hu\/kapcsolat\/","name":"Contact - Attila Varga","isPartOf":{"@id":"https:\/\/attilavarga.hu\/#website"},"datePublished":"2018-08-06T06:37:59+00:00","dateModified":"2024-10-16T06:24:05+00:00","breadcrumb":{"@id":"https:\/\/attilavarga.hu\/kapcsolat\/#breadcrumb"},"inLanguage":"en-US","potentialAction":[{"@type":"ReadAction","target":["https:\/\/attilavarga.hu\/kapcsolat\/"]}]},{"@type":"BreadcrumbList","@id":"https:\/\/attilavarga.hu\/kapcsolat\/#breadcrumb","itemListElement":[{"@type":"ListItem","position":1,"name":"Home","item":"https:\/\/attilavarga.hu\/en\/"},{"@type":"ListItem","position":2,"name":"Contact"}]},{"@type":"WebSite","@id":"https:\/\/attilavarga.hu\/#website","url":"https:\/\/attilavarga.hu\/","name":"Attila Varga","description":"Architectural photography \/ \u00c9p\u00edt\u00e9szeti fotogr\u00e1fia","potentialAction":[{"@type":"SearchAction","target":{"@type":"EntryPoint","urlTemplate":"https:\/\/attilavarga.hu\/?s={search_term_string}"},"query-input":{"@type":"PropertyValueSpecification","valueRequired":true,"valueName":"search_term_string"}}],"inLanguage":"en-US"}]}},"_links":{"self":[{"href":"https:\/\/attilavarga.hu\/en\/wp-json\/wp\/v2\/pages\/5721","targetHints":{"allow":["GET"]}}],"collection":[{"href":"https:\/\/attilavarga.hu\/en\/wp-json\/wp\/v2\/pages"}],"about":[{"href":"https:\/\/attilavarga.hu\/en\/wp-json\/wp\/v2\/types\/page"}],"author":[{"embeddable":true,"href":"https:\/\/attilavarga.hu\/en\/wp-json\/wp\/v2\/users\/1"}],"replies":[{"embeddable":true,"href":"https:\/\/attilavarga.hu\/en\/wp-json\/wp\/v2\/comments?post=5721"}],"version-history":[{"count":1,"href":"https:\/\/attilavarga.hu\/en\/wp-json\/wp\/v2\/pages\/5721\/revisions"}],"predecessor-version":[{"id":6104,"href":"https:\/\/attilavarga.hu\/en\/wp-json\/wp\/v2\/pages\/5721\/revisions\/6104"}],"wp:attachment":[{"href":"https:\/\/attilavarga.hu\/en\/wp-json\/wp\/v2\/media?parent=5721"}],"curies":[{"name":"wp","href":"https:\/\/api.w.org\/{rel}","templated":true}]}}